{"id":90,"date":"2024-08-10T17:32:01","date_gmt":"2024-08-10T15:32:01","guid":{"rendered":"https:\/\/matosgallery.com\/?page_id=90"},"modified":"2025-01-31T17:49:12","modified_gmt":"2025-01-31T16:49:12","slug":"acerca-de-matos-gallery","status":"publish","type":"page","link":"https:\/\/matosgallery.com\/en\/acerca-de-matos-gallery\/","title":{"rendered":"About Matos Gallery"},"content":{"rendered":"<div data-elementor-type=\"wp-page\" data-elementor-id=\"90\" class=\"elementor elementor-90\" data-elementor-post-type=\"page\">\n\t\t\t\t<div class=\"elementor-element elementor-element-6801eb27 e-flex e-con-boxed e-con e-parent\" data-id=\"6801eb27\" data-element_type=\"container\">\n\t\t\t\t\t<div class=\"e-con-inner\">\n\t\t\t\t<div class=\"elementor-element elementor-element-6dcffee0 elementor-widget elementor-widget-text-editor\" data-id=\"6dcffee0\" data-element_type=\"widget\" data-widget_type=\"text-editor.default\">\n\t\t\t\t<div class=\"elementor-widget-container\">\n\t\t\t\t\t\t\t\t\t<h3>Welcome to our Online Gallery of Contemporary Art<\/h3><p>En <em>Matos Gallery<\/em> nos dedicamos a promover y exhibir obras de arte contempor\u00e1neo y universal de autores establecidos y emergentes. Creemos en el poder del arte para inspirar, provocar emociones y generar di\u00e1logos significativos.<\/p><p><br \/>Nuestro objetivo es brindar un espacio accesible donde los amantes del arte puedan disfrutar de una amplia variedad de obras en diferentes disciplinas, como pintura, escultura, fotograf\u00eda, grabado, entre otras.<\/p><p><br \/>Nos enorgullece colaborar estrechamente con artistas comprometidos que exploran formas de expresi\u00f3n art\u00edstica conocidas o novedosas y abordan temas relevantes en nuestra sociedad, en el respeto a la diversidad e inclusi\u00f3n.<br \/>Buscamos fomentar la apreciaci\u00f3n de las artes visuales entre los m\u00e1s variados p\u00fablicos.<br \/>Te invitamos a sumergirte en nuestra galer\u00eda, descubrir nuevas obras de arte y conectar con los creadores. \u00a1Esperamos que disfrutes de esta experiencia \u00fanica!<\/p>\t\t\t\t\t\t\t\t<\/div>\n\t\t\t\t<\/div>\n\t\t\t\t\t<\/div>\n\t\t\t\t<\/div>\n\t\t<div class=\"elementor-element elementor-element-647429b e-flex e-con-boxed e-con e-parent\" data-id=\"647429b\" data-element_type=\"container\" data-settings=\"{&quot;background_background&quot;:&quot;classic&quot;}\">\n\t\t\t\t\t<div class=\"e-con-inner\">\n\t\t<div class=\"elementor-element elementor-element-7c2cc9d e-con-full e-flex e-con e-child\" data-id=\"7c2cc9d\" data-element_type=\"container\" data-settings=\"{&quot;background_background&quot;:&quot;classic&quot;}\">\n\t\t<div class=\"elementor-element elementor-element-ed3d805 e-con-full e-flex e-con e-child\" data-id=\"ed3d805\" data-element_type=\"container\">\n\t\t\t\t<div class=\"elementor-element elementor-element-fa57ca7 elementor-widget elementor-widget-heading\" data-id=\"fa57ca7\" data-element_type=\"widget\" data-widget_type=\"heading.default\">\n\t\t\t\t<div class=\"elementor-widget-container\">\n\t\t\t\t\t<h2 class=\"elementor-heading-title elementor-size-default\">Equipo de trabajo<\/h2>\t\t\t\t<\/div>\n\t\t\t\t<\/div>\n\t\t\t\t<\/div>\n\t\t<div class=\"elementor-element elementor-element-45d85ae e-con-full e-flex e-con e-child\" data-id=\"45d85ae\" data-element_type=\"container\">\n\t\t<div class=\"elementor-element elementor-element-e385026 e-con-full e-flex e-con e-child\" data-id=\"e385026\" data-element_type=\"container\">\n\t\t\t\t<div class=\"elementor-element elementor-element-2e1e850 elementor-widget elementor-widget-image\" data-id=\"2e1e850\" data-element_type=\"widget\" data-widget_type=\"image.default\">\n\t\t\t\t<div class=\"elementor-widget-container\">\n\t\t\t\t\t\t\t\t\t\t\t\t\t\t\t<img decoding=\"async\" src=\"https:\/\/doubletres.com\/web\/image\/1329-0c96b247\/ruben-matos-recorte.webp\" title=\"\" alt=\"\" loading=\"lazy\" \/>\t\t\t\t\t\t\t\t\t\t\t\t\t\t\t<\/div>\n\t\t\t\t<\/div>\n\t\t\t\t<div class=\"elementor-element elementor-element-9ae30c5 elementor-widget elementor-widget-heading\" data-id=\"9ae30c5\" data-element_type=\"widget\" data-widget_type=\"heading.default\">\n\t\t\t\t<div class=\"elementor-widget-container\">\n\t\t\t\t\t<h4 class=\"elementor-heading-title elementor-size-default\">Rub\u00e9n Matos<\/h4>\t\t\t\t<\/div>\n\t\t\t\t<\/div>\n\t\t\t\t<div class=\"elementor-element elementor-element-f703c12 elementor-widget elementor-widget-heading\" data-id=\"f703c12\" data-element_type=\"widget\" data-widget_type=\"heading.default\">\n\t\t\t\t<div class=\"elementor-widget-container\">\n\t\t\t\t\t<h6 class=\"elementor-heading-title elementor-size-default\">Executive Director<\/h6>\t\t\t\t<\/div>\n\t\t\t\t<\/div>\n\t\t\t\t<div class=\"elementor-element elementor-element-881b54f elementor-widget elementor-widget-text-editor\" data-id=\"881b54f\" data-element_type=\"widget\" data-widget_type=\"text-editor.default\">\n\t\t\t\t<div class=\"elementor-widget-container\">\n\t\t\t\t\t\t\t\t\t<p>Computer Science Engineer<br \/>Master in Quality and Environmental Management<br \/>Academic and management consultant.<br \/>He has led innovation projects in Cuba and Spain.<\/p>\t\t\t\t\t\t\t\t<\/div>\n\t\t\t\t<\/div>\n\t\t\t\t<\/div>\n\t\t<div class=\"elementor-element elementor-element-03de99d e-con-full e-flex e-con e-child\" data-id=\"03de99d\" data-element_type=\"container\">\n\t\t\t\t<div class=\"elementor-element elementor-element-05a983a elementor-widget elementor-widget-image\" data-id=\"05a983a\" data-element_type=\"widget\" data-widget_type=\"image.default\">\n\t\t\t\t<div class=\"elementor-widget-container\">\n\t\t\t\t\t\t\t\t\t\t\t\t\t\t\t<img fetchpriority=\"high\" decoding=\"async\" width=\"300\" height=\"300\" src=\"https:\/\/matosgallery.com\/wp-content\/uploads\/2025\/01\/436332129_1867191043727850_472079356000062950_n-300x300.jpg\" class=\"attachment-medium size-medium wp-image-2127\" alt=\"\" srcset=\"https:\/\/matosgallery.com\/wp-content\/uploads\/2025\/01\/436332129_1867191043727850_472079356000062950_n-300x300.jpg 300w, https:\/\/matosgallery.com\/wp-content\/uploads\/2025\/01\/436332129_1867191043727850_472079356000062950_n-150x150.jpg 150w, https:\/\/matosgallery.com\/wp-content\/uploads\/2025\/01\/436332129_1867191043727850_472079356000062950_n-12x12.jpg 12w, https:\/\/matosgallery.com\/wp-content\/uploads\/2025\/01\/436332129_1867191043727850_472079356000062950_n-100x100.jpg 100w, https:\/\/matosgallery.com\/wp-content\/uploads\/2025\/01\/436332129_1867191043727850_472079356000062950_n-50x50.jpg 50w, https:\/\/matosgallery.com\/wp-content\/uploads\/2025\/01\/436332129_1867191043727850_472079356000062950_n.jpg 480w\" sizes=\"(max-width: 300px) 100vw, 300px\" \/>\t\t\t\t\t\t\t\t\t\t\t\t\t\t\t<\/div>\n\t\t\t\t<\/div>\n\t\t\t\t<div class=\"elementor-element elementor-element-0f2c915 elementor-widget elementor-widget-heading\" data-id=\"0f2c915\" data-element_type=\"widget\" data-widget_type=\"heading.default\">\n\t\t\t\t<div class=\"elementor-widget-container\">\n\t\t\t\t\t<h4 class=\"elementor-heading-title elementor-size-default\">Carlos Escala<\/h4>\t\t\t\t<\/div>\n\t\t\t\t<\/div>\n\t\t\t\t<div class=\"elementor-element elementor-element-d63031d elementor-widget elementor-widget-heading\" data-id=\"d63031d\" data-element_type=\"widget\" data-widget_type=\"heading.default\">\n\t\t\t\t<div class=\"elementor-widget-container\">\n\t\t\t\t\t<h6 class=\"elementor-heading-title elementor-size-default\">Director de Arte<\/h6>\t\t\t\t<\/div>\n\t\t\t\t<\/div>\n\t\t\t\t<div class=\"elementor-element elementor-element-eebba9b elementor-widget elementor-widget-text-editor\" data-id=\"eebba9b\" data-element_type=\"widget\" data-widget_type=\"text-editor.default\">\n\t\t\t\t<div class=\"elementor-widget-container\">\n\t\t\t\t\t\t\t\t\t<p>Licenciado en Historia del Arte.<br \/>Curador, cr\u00edtico e investigador. Especialista en registro, inventario, exportaci\u00f3n e importaci\u00f3n de bienes culturales. Miembro del proyecto Agua Salada Manzanillo. Autor de art\u00edculos y libros publicados en medios impresos y digitales de Cuba, Espa\u00f1a y Estados Unidos.<\/p>\t\t\t\t\t\t\t\t<\/div>\n\t\t\t\t<\/div>\n\t\t\t\t<\/div>\n\t\t<div class=\"elementor-element elementor-element-0662ae6 e-con-full e-flex e-con e-child\" data-id=\"0662ae6\" data-element_type=\"container\">\n\t\t\t\t<div class=\"elementor-element elementor-element-360f7ca elementor-widget elementor-widget-image\" data-id=\"360f7ca\" data-element_type=\"widget\" data-widget_type=\"image.default\">\n\t\t\t\t<div class=\"elementor-widget-container\">\n\t\t\t\t\t\t\t\t\t\t\t\t\t\t\t<img decoding=\"async\" src=\"https:\/\/doubletres.com\/web\/image\/1328-75fa659d\/WhatsApp%2520Image%25202024-08-20%2520at%25206.svg\" title=\"\" alt=\"\" loading=\"lazy\" \/>\t\t\t\t\t\t\t\t\t\t\t\t\t\t\t<\/div>\n\t\t\t\t<\/div>\n\t\t\t\t<div class=\"elementor-element elementor-element-19a3acf elementor-widget elementor-widget-heading\" data-id=\"19a3acf\" data-element_type=\"widget\" data-widget_type=\"heading.default\">\n\t\t\t\t<div class=\"elementor-widget-container\">\n\t\t\t\t\t<h4 class=\"elementor-heading-title elementor-size-default\">Fermin Lorenzo Carvajal Rosabal<\/h4>\t\t\t\t<\/div>\n\t\t\t\t<\/div>\n\t\t\t\t<div class=\"elementor-element elementor-element-15ba203 elementor-widget elementor-widget-heading\" data-id=\"15ba203\" data-element_type=\"widget\" data-widget_type=\"heading.default\">\n\t\t\t\t<div class=\"elementor-widget-container\">\n\t\t\t\t\t<h6 class=\"elementor-heading-title elementor-size-default\">Licenciado en Educaci\u00f3n en Lengua Inglesa.<\/h6>\t\t\t\t<\/div>\n\t\t\t\t<\/div>\n\t\t\t\t<div class=\"elementor-element elementor-element-79e5271 elementor-widget elementor-widget-text-editor\" data-id=\"79e5271\" data-element_type=\"widget\" data-widget_type=\"text-editor.default\">\n\t\t\t\t<div class=\"elementor-widget-container\">\n\t\t\t\t\t\t\t\t\t<p>Profesor Universitario y M\u00e1ster en Teor\u00eda y Pr\u00e1ctica del Ingl\u00e9s Contempor\u00e1neo.<br \/>Coautor de libros de textos para la ense\u00f1anza superior, m\u00faltiples art\u00edculos cient\u00edficos sobre ense\u00f1anza de idiomas y tecnolog\u00edas.<br \/>Editor en trabajos cient\u00edficos, obras literarias, presentaciones a eventos cient\u00edficos variados, anuncios, propagandas, tutoriales.<br \/>Traductor e int\u00e9rprete en eventos nacionales e internaciones: Inform\u00e1tica, Universidad, Feria Internacional de la Habana, IEEE, entre otros.<br \/>Dise\u00f1ador de tareas de evaluaci\u00f3n alineadas al Marco Com\u00fan de Referencia Europeo para las Lenguas.<\/p>\t\t\t\t\t\t\t\t<\/div>\n\t\t\t\t<\/div>\n\t\t\t\t<\/div>\n\t\t\t\t<\/div>\n\t\t\t\t<\/div>\n\t\t\t\t\t<\/div>\n\t\t\t\t<\/div>\n\t\t\t\t<\/div>","protected":false},"excerpt":{"rendered":"<p>Bienvenidos a nuestra Galer\u00eda Online de Arte Contempor\u00e1neo En Matos Gallery nos dedicamos a promover y exhibir obras de arte contempor\u00e1neo y universal de autores establecidos y emergentes. Creemos en el poder del arte para inspirar, provocar emociones y generar di\u00e1logos significativos. Nuestro objetivo es brindar un espacio accesible donde los amantes del arte puedan [&hellip;]<\/p>","protected":false},"author":1,"featured_media":0,"parent":0,"menu_order":0,"comment_status":"closed","ping_status":"closed","template":"","meta":{"_acf_changed":false,"footnotes":""},"class_list":["post-90","page","type-page","status-publish","hentry"],"acf":[],"_links":{"self":[{"href":"https:\/\/matosgallery.com\/en\/wp-json\/wp\/v2\/pages\/90","targetHints":{"allow":["GET"]}}],"collection":[{"href":"https:\/\/matosgallery.com\/en\/wp-json\/wp\/v2\/pages"}],"about":[{"href":"https:\/\/matosgallery.com\/en\/wp-json\/wp\/v2\/types\/page"}],"author":[{"embeddable":true,"href":"https:\/\/matosgallery.com\/en\/wp-json\/wp\/v2\/users\/1"}],"replies":[{"embeddable":true,"href":"https:\/\/matosgallery.com\/en\/wp-json\/wp\/v2\/comments?post=90"}],"version-history":[{"count":21,"href":"https:\/\/matosgallery.com\/en\/wp-json\/wp\/v2\/pages\/90\/revisions"}],"predecessor-version":[{"id":2130,"href":"https:\/\/matosgallery.com\/en\/wp-json\/wp\/v2\/pages\/90\/revisions\/2130"}],"wp:attachment":[{"href":"https:\/\/matosgallery.com\/en\/wp-json\/wp\/v2\/media?parent=90"}],"curies":[{"name":"wp","href":"https:\/\/api.w.org\/{rel}","templated":true}]}}