{"id":630,"date":"2024-08-16T20:21:54","date_gmt":"2024-08-16T18:21:54","guid":{"rendered":"https:\/\/matosgallery.com\/?page_id=630"},"modified":"2024-08-16T20:21:54","modified_gmt":"2024-08-16T18:21:54","slug":"terminos-y-condiciones","status":"publish","type":"page","link":"https:\/\/matosgallery.com\/en\/terminos-y-condiciones\/","title":{"rendered":"Terms and Conditions"},"content":{"rendered":"<p><strong>T\u00e9rminos Generales<\/strong><\/p>\n<ol>\n<li>Usted debe tener 18 a\u00f1os o m\u00e1s para utilizar este sitio o en su defecto, tener el permiso de un tutor legal. Usted es responsable de cualquier actividad que ocurre bajo su nombre de usuario.<\/li>\n<li>Usted es responsable de mantener su contrase\u00f1a segura.<\/li>\n<li>No podr\u00e1 utilizar ni duplicar la informaci\u00f3n presentada en la p\u00e1gina web matosgallery.com sin nuestra previa autorizaci\u00f3n.<\/li>\n<li>Usted es el \u00fanico responsable del uso malicioso o malintencionado que haga del contenido de la p\u00e1gina web.<\/li>\n<li>Usted no debe transmitir ning\u00fan gusano, virus o cualquier c\u00f3digo de naturaleza destructiva que pueda afectar la p\u00e1gina web matosgallery.com o de sus usuarios. La violaci\u00f3n de cualquiera de estos acuerdos dar\u00e1 lugar a la eliminaci\u00f3n de su cuenta en matosgallery.com.<\/li>\n<\/ol>\n<p><strong>Condiciones Generales<\/strong><\/p>\n<p>MATOS GALLERY se reserva el derecho de modificar o terminar el servicio por cualquier raz\u00f3n, en cualquier momento y sin previo aviso. MATOS GALLERY se reserva el derecho de rechazar el uso del sitio para usted por cualquier motivo y en cualquier momento, con o sin previo aviso. MATOS GALLERY puede, pero no tiene obligaci\u00f3n, de retirar cualquier contenido (\u00abContenido\u00bb incluye, por ejemplo, art\u00edculos y descripciones de los art\u00edculos) y las cuentas que incluyan contenido que MATOS GALLERY determine, a su sola discreci\u00f3n, puede ser ilegal, ofensivo, amenazante, difamatorio, obsceno, dudoso, o que viole los derechos de cualquiera de las partes de propiedad intelectual, las condiciones, la pol\u00edtica de privacidad en en MATOS GALLERY u otros documentos de pol\u00edticas y normas de la comunidad, tal como fue anunciado en el sitio.<\/p>\n<p>En caso de publicar im\u00e1genes alojadas en sitios web fuera de MATOS GALLERY debe proporcionar un enlace a MATOS GALLERY de cada imagen a su p\u00e1gina asociada en el sitio. Su cuenta se puede cancelar sin previo aviso, si su cuenta se utiliza para alojar elementos gr\u00e1ficos considerados inapropiados por MATOS GALLERY a su exclusivo criterio.<\/p>\n<p>Usted puede eliminar su perfil en cualquier momento mediante la eliminaci\u00f3n de su cuenta. Usted se compromete a permitir que otros usuarios del sitio matosgallery.com puedan visualizar las im\u00e1genes y los distintos contenidos en el sitio web, as\u00ed como otras p\u00e1ginas web controladas o asociadas a MATOS GALLERY. Usted permite que MATOS GALLERY pueda almacenar las im\u00e1genes, las descripciones de las obras y sus datos personales. El uso de esta web constituye su acuerdo y aceptaci\u00f3n de todos los t\u00e9rminos del sitio, as\u00ed como todos los t\u00e9rminos y condiciones contenidos en la pol\u00edtica de privacidad detallados en matogallery.com.<\/p>\n<p>De acuerdo con la Digital Millennium Copyright Act (DMCA) y otras leyes aplicables, MATOS GALLERY ha adoptado una pol\u00edtica de finalizaci\u00f3n, en circunstancias apropiadas y a discreci\u00f3n de MATOS GALLERY, de los suscriptores o titulares de cuentas que tengan la consideraci\u00f3n de infractores reincidentes. MATOS GALLERY puede tambi\u00e9n, a su entera discreci\u00f3n, limitar el acceso al Sitio y\/o cancelar las cuentas de los usuarios que infrinjan los derechos de propiedad intelectual de otros, haya o no reincidencia.<\/p>\n<p><strong>Derechos de Copyright \u2013 Derechos de autor<\/strong><\/p>\n<p>Podemos dar aviso de una reclamaci\u00f3n de infracci\u00f3n de derechos de autor a los usuarios por medio de un aviso general en el sitio, el correo electr\u00f3nico a la direcci\u00f3n de correo electr\u00f3nico de un usuario en nuestros registros, o mediante comunicaci\u00f3n escrita enviada por correo postal a la direcci\u00f3n de un usuario en nuestros registros.<\/p>\n<p><strong>Elegibilidad de membres\u00eda<\/strong><\/p>\n<p>Los servicios de MATOS GALLERY s\u00f3lo est\u00e1n disponibles y s\u00f3lo podr\u00e1n ser utilizados por las personas que puedan celebrar contratos legalmente vinculantes conforme al derecho aplicable.<\/p>\n<p>Los servicios de MATOS GALLERY no est\u00e1n disponibles para ni\u00f1os (personas menores de 18 a\u00f1os) o para miembros de MATOS GALLERY suspendidos temporal o indefinidamente. Si usted es un menor de edad (18 a\u00f1os), s\u00f3lo puede utilizar nuestros servicios bajo la supervisi\u00f3n de sus padres o un tutor. De lo contrario, por favor no utilice MATOS GALLERY.<\/p>\n<p><strong>Lanzamiento<\/strong><\/p>\n<p>En el caso de que usted tenga una disputa con uno o m\u00e1s usuarios, usted libera MATOS GALLERY de toda reclamaci\u00f3n, demanda y da\u00f1os (reales o resultantes) de cualquier tipo y la naturaleza, conocidos y desconocidos, sospechados e insospechados, revelados y no revelados, que surjan de o relacionados de alguna manera con dichos conflictos.<\/p>\n<p><strong>Derechos de Uso<\/strong><\/p>\n<p>Todo el material con derechos reservados, incluyendo, pero no limitado, a la(s) fotograf\u00eda(s) con licencia o vendidos por MATOS GALLERY, recae sobre el titular del derecho de autor en todo momento. Los usuarios del sitio NO pueden reproducir material (fotograf\u00edas, por ejemplo) comprados con derechos de autor sin permiso expreso de MATOS GALLERY o, en ciertos casos, del titular de los derechos de autor.<\/p>\n<p><strong>Actividades Restringidas<\/strong><\/p>\n<p>Toda la informaci\u00f3n (u objetos que aparezcan) en MATOS GALLERY no deber\u00e1:<\/p>\n<ol>\n<li>Ser falsa, inexacta o enga\u00f1osa.<\/li>\n<li>Ser fraudulenta o involucrar a la venta de falsificaciones, art\u00edculos ilegales o robados. Esto incluye a los artistas que tergiversan el trabajo como propio y compradores que intentan reproducir obra de un artista.<\/li>\n<li>Infringir los derechos de autor, patentes, marcas, secretos comerciales de terceros u otros derechos de propiedad o propiedad intelectual o derechos de publicidad o privacidad.<\/li>\n<li>Violar ninguna ley, estatuto, ordenanza o regulaci\u00f3n, incluyendo, pero no limitado, a las que rigen el control de las exportaciones, la protecci\u00f3n del consumidor, la competencia desleal, antidiscriminaci\u00f3n o la publicidad enga\u00f1osa.<\/li>\n<li>Ser obscena.<\/li>\n<li>Contener ning\u00fan virus, caballos de Troya, gusanos, u otras rutinas de programaci\u00f3n que puedan da\u00f1ar, interferir perjudicialmente, interceptar subrepticiamente o expropiar, cualquier sistema, datos o informaci\u00f3n personal.<\/li>\n<li>Hacernos perder, parcial o totalmente, los servicios de nuestros proveedores de Internet u otros proveedores.<\/li>\n<li>Enlazar directa o indirectamente con descripciones de bienes o servicios que est\u00e1n prohibidos en virtud del presente Acuerdo, la Pol\u00edtica de privacidad en matosgallery, u otros documentos de pol\u00edticas y normas de la comunidad seg\u00fan lo fijado en el Sitio.<\/li>\n<li>Vender por su cuenta en una p\u00e1gina web personal o colectiva, los art\u00edculos listados en MATOS GALLERY, sin nuestra autorizaci\u00f3n previa.<\/li>\n<\/ol>\n<p><strong>Privacidad<\/strong><\/p>\n<p>Por favor, consulte nuestra <a href=\"https:\/\/matosgallery.com\/politica-privacidad\/\">pol\u00edtica de privacidad<\/a> en nuestra web, para obtener informaci\u00f3n sobre c\u00f3mo la empresa recopila, utiliza y divulga la informaci\u00f3n personal de sus usuarios.<\/p>\n<p><strong>L\u00edmite de Responsabilidad<\/strong><\/p>\n<p>Aplicaremos lo establecido en la Ley 23\/2003, de 10 de julio, de Garant\u00edas en la Venta de Bienes de Consumo y su posterior modificaci\u00f3n recogido en el Real Decreto Legislativo 1\/2007.<\/p>\n<p><strong>Conformidad Legal<\/strong><\/p>\n<p>Usted deber\u00e1 cumplir con todas las leyes nacionales e internacionales, estatutos, ordenanzas y reglamentos relativos a su uso de nuestro servicio y de su establecimiento, adquisici\u00f3n, solicitud de ofertas de compra y venta de art\u00edculos.<\/p>\n<p><strong>Divisibilidad<\/strong><\/p>\n<p>Si alguna disposici\u00f3n de este Acuerdo se considera inaplicable, dicha disposici\u00f3n ser\u00e1 modificada para reflejar la intenci\u00f3n de las partes. Todas las disposiciones restantes de este Acuerdo permanecer\u00e1n en pleno vigor y efecto.<\/p>\n<p><strong>Relaciones<\/strong><\/p>\n<p>Usted y MATOS GALLERY son contratistas independientes y no se pretende generar o crear por el presente Acuerdo ninguna relaci\u00f3n de agencia, asociaci\u00f3n, empresa conjunta, empleado-empleador o franquiciador-franquiciado.<\/p>\n<p><strong>Vender y comprar a trav\u00e9s matosgallery.com<\/strong><\/p>\n<ol>\n<li>Para una transacci\u00f3n segura y exitosa, le recomendamos que incluya en la documentaci\u00f3n que nos env\u00eda, un certificado de autenticidad, una factura o detalles sobre la procedencia de la obra.<\/li>\n<li>MATOS GALLERY se reserva el derecho a rechazar y\/o eliminar su cuenta y su obra en matosgallery.com en cualquier momento sin previo aviso.<\/li>\n<li>Los precios de las obras de arte que se encuentran a la venta en nuestras tiendas de comercio electr\u00f3nico incluyen el I.V.A (Impuesto sobre el Valor A\u00f1adido). Las compras que realicen los sujetos pasivos del I.V.A. (empresas, entidades, organizaciones\u2026) con residencia en la Uni\u00f3n Europea, excepto Espa\u00f1a, y dotados de NIF intracomunitario, estar\u00e1n exentas del pago del I.V.A., siendo condici\u00f3n imprescindible el env\u00edo de dicho documento mediante email a info@matosgallery.com. Las compras que realicen personas f\u00edsicas o jur\u00eddicas residentes en pa\u00edses extracomunitarios estar\u00e1n exentas del pago del I.V.A.<\/li>\n<li>No se servir\u00e1n pedidos en Apartados de Correos.<\/li>\n<li>Usted, como propietario, tiene derecho a eliminar una obra cada vez que lo desee.<\/li>\n<li>Como propietario, usted se compromete a ser responsable de la autenticidad de las obras.<\/li>\n<li>Como Propietario, usted se compromete a proporcionar con absoluta precisi\u00f3n toda la informaci\u00f3n (detalles de la obra, autenticidad, condiciones, etc.)<\/li>\n<li>Como Propietario, usted acepta tener la capacidad legal para vender la obra que usted nos ofrece.<\/li>\n<li>Como Propietario, se compromete a pagar la tasa de comisi\u00f3n acordada con MATOS GALLERY una vez que la obra se haya vendido.<\/li>\n<li>Como Propietario, usted est\u00e1 de acuerdo con los t\u00e9rminos y condiciones generales de MATOS GALLERY.<\/li>\n<li>Como Comprador, usted est\u00e1 de acuerdo con los t\u00e9rminos y condiciones generales de MATOS GALLERY.\n<ul>\n<li>Como Comprador, usted tiene un acuerdo y contrato con MATOS GALLERY.<\/li>\n<li>Como Vendedor, usted tiene un acuerdo y contrato con MATOS GALLERY.<\/li>\n<\/ul>\n<\/li>\n<\/ol>\n<p><strong>T\u00e9rminos y Condiciones Adicionales<\/strong><\/p>\n<ol>\n<li>MATOS GALLERY no se hace responsable por el uso fraudulento de la p\u00e1gina web matosgallery.com, o cualesquiera otras acciones que sean resultado del uso de matosgallery.com.<\/li>\n<li>MATOS GALLERY no ofrece ninguna garant\u00eda en cuanto a la precisi\u00f3n absoluta de la informaci\u00f3n en cuesti\u00f3n. Se compromete \u00fanicamente a la obligaci\u00f3n de cuidado y diligencia en cuanto a la entrada de la informaci\u00f3n proporcionada por los vendedores de obras de arte.<\/li>\n<li>En ning\u00fan caso, las obras en depositadas en consignaci\u00f3n (obras que no son propiedad de MATOS GALLERY) que aparecen en matosgallery.com pueden ser interpretadas como una garant\u00eda por MATOS GALLERY con respecto a la autenticidad, la calidad o el origen de la obra de arte que se vende.<\/li>\n<li>MATOS GALLERY, por una parte, y el vendedor\/comprador, por el otro, son partes independientes, cada uno actuando en su propio nombre.<\/li>\n<li>Nosotros s\u00f3lo intercedemos en las transacciones entre Compradores y Vendedores como un corredor a trav\u00e9s de Internet. En consecuencia, no ejerce ning\u00fan control sobre la calidad, seguridad o legalidad de los objetos que se enumeran.<\/li>\n<li>La capacidad legal para vender dichos bienes o servicios ser\u00e1 exclusiva de los Propietarios y la capacidad de pago de dichos bienes o servicios exclusiva de los Compradores. Por lo tanto, exime de toda responsabilidad a MATOS GALLERY, as\u00ed como a nuestro personal, en caso de litigio por cualquier reclamo, y de todos los da\u00f1os presentes o corriente resultante directa o indirectamente de compra\/venta de matosgallery.com.<\/li>\n<li>MATOS GALLERY no es una galer\u00eda de arte tradicional. En lugar de ello, nuestro sitio web es un lugar para permitir que los Propietarios\/Vendedores ofrezcan, y los Compradores compren obras de arte, en cualquier momento, desde cualquier lugar.<\/li>\n<\/ol>\n<p><strong>Registro<\/strong><\/p>\n<p>Salvo que se indique expresamente lo contrario, cualquier aviso o notifiaci\u00f3n deber\u00e1 ser enviada por correo postal a: <a href=\"mailto:info@matosgallery.com\">info@matosgallery.com<\/a>.<\/p>\n<p><strong>Resoluci\u00f3n de Disputas<\/strong><\/p>\n<p>Nuestro objetivo en MATOS GALLERY es que tengas una experiencia satisfactoria en la compra de aquella obra de arte que tanto anhelas. En el caso de una disputa entre usted y MATOS GALLERY, por favor env\u00edenos un email a <a href=\"mailto:ceo@matosgallery.com\">ceo@matosgallery.com<\/a> y trataremos de resolverlo de la mejor y m\u00e1s r\u00e1pida manera posible.<\/p>\n<p><strong>Google Analytics<\/strong><\/p>\n<p>Google Analytics, un servicio anal\u00edtico de web prestado por Google, Inc., una compa\u00f1\u00eda de Delaware cuya oficina principal est\u00e1 en 1600 Amphitheatre Parkway, Mountain View (California), CA 94043, Estados Unidos (\u201cGoogle\u201d). Google Analytics utiliza \u201ccookies\u201d, que son archivos de texto ubicados en su ordenador, para ayudar al website a analizar el uso que hacen los usuarios del sitio web. La informaci\u00f3n que genera la cookie acerca de su uso del website (incluyendo su direcci\u00f3n IP) ser\u00e1 directamente transmitida y archivada por Google en los servidores de Estados Unidos. Google usar\u00e1 esta informaci\u00f3n por cuenta nuestra con el prop\u00f3sito de seguir la pista de su uso del website, recopilando informes de la actividad del website y prestando otros servicios relacionados con la actividad del website y el uso de Internet. Google podr\u00e1 transmitir dicha informaci\u00f3n a terceros cuando as\u00ed se lo requiera la legislaci\u00f3n, o cuando dichos terceros procesen la informaci\u00f3n por cuenta de Google. Google no asociar\u00e1 su direcci\u00f3n IP con ning\u00fan otro dato del que disponga Google. Puede Usted rechazar el tratamiento de los datos o la informaci\u00f3n rechazando el uso de cookies mediante la selecci\u00f3n de la configuraci\u00f3n apropiada de su navegador, sin embargo, debe Usted saber que si lo hace puede ser que no pueda usar la plena funcionabilidad de este website. Al utilizar este website Usted consiente el tratamiento de informaci\u00f3n acerca de Usted por Google en la forma y para los fines arriba indicados.<\/p>","protected":false},"excerpt":{"rendered":"<p>T\u00e9rminos Generales Usted debe tener 18 a\u00f1os o m\u00e1s para utilizar este sitio o en su defecto, tener el permiso de un tutor legal. Usted es responsable de cualquier actividad que ocurre bajo su nombre de usuario. Usted es responsable de mantener su contrase\u00f1a segura. No podr\u00e1 utilizar ni duplicar la informaci\u00f3n presentada en la [&hellip;]<\/p>","protected":false},"author":1,"featured_media":0,"parent":0,"menu_order":0,"comment_status":"closed","ping_status":"closed","template":"","meta":{"_acf_changed":false,"footnotes":""},"class_list":["post-630","page","type-page","status-publish","hentry"],"acf":[],"_links":{"self":[{"href":"https:\/\/matosgallery.com\/en\/wp-json\/wp\/v2\/pages\/630","targetHints":{"allow":["GET"]}}],"collection":[{"href":"https:\/\/matosgallery.com\/en\/wp-json\/wp\/v2\/pages"}],"about":[{"href":"https:\/\/matosgallery.com\/en\/wp-json\/wp\/v2\/types\/page"}],"author":[{"embeddable":true,"href":"https:\/\/matosgallery.com\/en\/wp-json\/wp\/v2\/users\/1"}],"replies":[{"embeddable":true,"href":"https:\/\/matosgallery.com\/en\/wp-json\/wp\/v2\/comments?post=630"}],"version-history":[{"count":0,"href":"https:\/\/matosgallery.com\/en\/wp-json\/wp\/v2\/pages\/630\/revisions"}],"wp:attachment":[{"href":"https:\/\/matosgallery.com\/en\/wp-json\/wp\/v2\/media?parent=630"}],"curies":[{"name":"wp","href":"https:\/\/api.w.org\/{rel}","templated":true}]}}