{"id":629,"date":"2024-08-16T20:19:32","date_gmt":"2024-08-16T18:19:32","guid":{"rendered":"https:\/\/matosgallery.com\/?page_id=629"},"modified":"2024-08-16T20:19:32","modified_gmt":"2024-08-16T18:19:32","slug":"politica-de-cookies","status":"publish","type":"page","link":"https:\/\/matosgallery.com\/en\/politica-de-cookies\/","title":{"rendered":"Cookie Policy"},"content":{"rendered":"<p>Cookie es un fichero que se descarga en su ordenador, Smartphone, tablet o dispositivo an\u00e1logo, al acceder a determinadas p\u00e1ginas web. Las cookies permiten a una p\u00e1gina web, entre otras cosas, almacenar y recuperar informaci\u00f3n sobre los h\u00e1bitos de navegaci\u00f3n de un usuario o de su equipo y, dependiendo de la informaci\u00f3n que contengan y de la forma en que utilice su equipo, pueden utilizarse para reconocer al usuario.<\/p>\n<p>El navegador del usuario memoriza cookies en el disco duro solamente durante la sesi\u00f3n actual ocupando un espacio de memoria m\u00ednimo y no perjudicando al ordenador. Las cookies no contienen ninguna clase de informaci\u00f3n personal espec\u00edfica, y la mayor\u00eda de las mismas se borran del disco duro al finalizar la sesi\u00f3n de navegador (las denominadas cookies de sesi\u00f3n).<\/p>\n<p><strong>C\u00f3mo usamos las cookies<\/strong><\/p>\n<p>Las cookies no contienen ninguna informaci\u00f3n que lo identifique personalmente, pero la informaci\u00f3n personal que almacenamos sobre usted puede estar vinculada, por nosotros, a la informaci\u00f3n almacenada en las cookies y obtenida de ellas. Las cookies utilizadas en el sitio incluyen aquellas que son estrictamente necesarias para las cookies de acceso y navegaci\u00f3n, las cookies que rastrean el uso (cookies de rendimiento), recuerdan sus opciones (cookies de funcionalidad) y las cookies que proporciona contenido o publicidad dirigida.<\/p>\n<p>Podemos utilizar la informaci\u00f3n que obtenemos de su uso de nuestras cookies para los siguientes prop\u00f3sitos:<\/p>\n<ul>\n<li>Para reconocer su computadora cuando visita el sitio web<\/li>\n<li>Para mantenerse al d\u00eda con usted mientras navega por el sitio web y para permitir el uso de todas las instalaciones de comercio electr\u00f3nico<\/li>\n<li>Para mejorar la usabilidad del sitio.<\/li>\n<li>Analizar el uso del sitio<\/li>\n<li>En la administraci\u00f3n del sitio<\/li>\n<\/ul>\n<p>Para personalizar el sitio web para usted, incluidos los anuncios dirigidos que pueden ser de su inter\u00e9s particular.<\/p>\n<p><strong>Bloquear cookies<\/strong><\/p>\n<p>La mayor\u00eda de los navegadores le permiten negarse a aceptar cookies. Por ejemplo:<\/p>\n<ul>\n<li>En Internet Explorer, puede rechazar todas las cookies haciendo clic en \u00abHerramientas\u00bb, \u00abOpciones de Internet\u00bb, \u00abPrivacidad\u00bb y seleccionando \u00abBloquear todas las cookies\u00bb con el selector deslizante;<\/li>\n<li>En Firefox, puede bloquear todas las cookies haciendo clic en \u00abHerramientas\u00bb, \u00abOpciones\u00bb y marcando \u00abAceptar cookies de sitios\u00bb en el \u00e1rea \u00abPrivacidad\u00bb.<\/li>\n<li>En Google Chrome, puede ajustar sus permisos de cookies haciendo clic en \u00abOpciones\u00bb, \u00abAvanzadas\u00bb, Configuraci\u00f3n de contenido en la secci\u00f3n \u00abPrivacidad\u00bb. Haga clic en la pesta\u00f1a Cookies en la configuraci\u00f3n de contenido.<\/li>\n<li>En Safari, puede bloquear las cookies haciendo clic en \u00abPreferencias\u00bb, seleccionando la pesta\u00f1a \u00abPrivacidad\u00bb y \u00abBloquear cookies\u00bb.<\/li>\n<\/ul>\n<p>Sin embargo, bloquear todas las cookies afectar\u00e1 negativamente a la usabilidad de muchos sitios web. Si bloquea las cookies, es posible que no pueda utilizar determinadas funciones del sitio (inicio de sesi\u00f3n, acceso al contenido, uso de funciones de b\u00fasqueda).<\/p>\n<p><strong>Eliminar las cookies<\/strong><\/p>\n<p>Tambi\u00e9n puede eliminar las cookies que ya est\u00e1n almacenadas en su computadora:<\/p>\n<ul>\n<li>En Internet Explorer, debe eliminar manualmente los archivos de cookies;<\/li>\n<li>En Firefox, puede eliminar las cookies asegur\u00e1ndose de que las cookies deben eliminarse cuando \u00abborra datos privados\u00bb (esta configuraci\u00f3n se puede cambiar haciendo clic en \u00abHerramientas\u00bb, \u00abOpciones\u00bb y \u00abConfiguraci\u00f3n\u00bb en \u00abDatos\u00bb privados \u00ab), luego haga clic en\u00bb Borrar datos privados \u00aben el men\u00fa\u00bb Herramientas \u00ab.<\/li>\n<li>En Google Chrome, puede ajustar sus permisos de cookies haciendo clic en \u00abOpciones\u00bb, \u00abAvanzadas\u00bb, Configuraci\u00f3n de contenido en la secci\u00f3n \u00abPrivacidad\u00bb. Haga clic en la pesta\u00f1a Cookies en la configuraci\u00f3n de contenido.<\/li>\n<li>En Safari, puede eliminar las cookies haciendo clic en \u00abPreferencias\u00bb, seleccionando la pesta\u00f1a \u00abConfidencialidad\u00bb y \u00abEliminar todos los datos del sitio\u00bb.<\/li>\n<\/ul>\n<p>Obviamente, esto podr\u00eda afectar negativamente la usabilidad de muchos sitios web.<\/p>","protected":false},"excerpt":{"rendered":"<p>Cookie es un fichero que se descarga en su ordenador, Smartphone, tablet o dispositivo an\u00e1logo, al acceder a determinadas p\u00e1ginas web. Las cookies permiten a una p\u00e1gina web, entre otras cosas, almacenar y recuperar informaci\u00f3n sobre los h\u00e1bitos de navegaci\u00f3n de un usuario o de su equipo y, dependiendo de la informaci\u00f3n que contengan y [&hellip;]<\/p>","protected":false},"author":1,"featured_media":0,"parent":0,"menu_order":0,"comment_status":"closed","ping_status":"closed","template":"","meta":{"_acf_changed":false,"footnotes":""},"class_list":["post-629","page","type-page","status-publish","hentry"],"acf":[],"_links":{"self":[{"href":"https:\/\/matosgallery.com\/en\/wp-json\/wp\/v2\/pages\/629","targetHints":{"allow":["GET"]}}],"collection":[{"href":"https:\/\/matosgallery.com\/en\/wp-json\/wp\/v2\/pages"}],"about":[{"href":"https:\/\/matosgallery.com\/en\/wp-json\/wp\/v2\/types\/page"}],"author":[{"embeddable":true,"href":"https:\/\/matosgallery.com\/en\/wp-json\/wp\/v2\/users\/1"}],"replies":[{"embeddable":true,"href":"https:\/\/matosgallery.com\/en\/wp-json\/wp\/v2\/comments?post=629"}],"version-history":[{"count":0,"href":"https:\/\/matosgallery.com\/en\/wp-json\/wp\/v2\/pages\/629\/revisions"}],"wp:attachment":[{"href":"https:\/\/matosgallery.com\/en\/wp-json\/wp\/v2\/media?parent=629"}],"curies":[{"name":"wp","href":"https:\/\/api.w.org\/{rel}","templated":true}]}}