{"id":3,"date":"2024-08-10T15:46:39","date_gmt":"2024-08-10T13:46:39","guid":{"rendered":"https:\/\/matosgallery.com\/?page_id=3"},"modified":"2024-08-16T20:18:38","modified_gmt":"2024-08-16T18:18:38","slug":"politica-privacidad","status":"publish","type":"page","link":"https:\/\/matosgallery.com\/en\/politica-privacidad\/","title":{"rendered":"Privacy Policy"},"content":{"rendered":"<p>En cumplimiento de lo establecido en la Ley Org\u00e1nica 15\/1999, de 13 de diciembre, de Protecci\u00f3n de Datos de Car\u00e1cter Personal, as\u00ed como en el Reglamento General de Protecci\u00f3n de Datos (RGPD) (UE) 2016\/679 de 25 de mayo de 2016, MATOS GALLERY informa a sus clientes, proveedores, colaboradores e interesados, de los siguientes aspectos relativos al tratamiento de sus datos personales.<\/p>\r\n<p>Este sitio no est\u00e1 dise\u00f1ado ni pensado para su uso por ni\u00f1os menores de 18 a\u00f1os (\u201cmenores de edad\u201d). Nosotros no recopilamos informaci\u00f3n de menores. Si es menor de la edad de 18 a\u00f1os, no est\u00e1 autorizado para utilizar este sitio as\u00ed que por favor, no nos env\u00ede ninguna informaci\u00f3n.<\/p>\r\n<p>\u00bfC\u00f3mo recopilamos informaci\u00f3n?<\/p>\r\n<p>Usted puede navegar por nuestro sitio web de forma an\u00f3nima, sin tener que proporcionar sus datos personales. Al suscribirse a nuestro sitio web y\/o proporcionar sus datos personales usted acepta perder su anonimato y acepta la recopilaci\u00f3n y uso de sus datos personales, de conformidad con los procedimientos establecidos en la presente Pol\u00edtica.<\/p>\r\n<p>Podemos recopilar y registrar los siguientes datos personales:<\/p>\r\n<ul>\r\n<li>nombre, direcci\u00f3n de correo electr\u00f3nico, direcci\u00f3n y n\u00famero de tel\u00e9fono;<\/li>\r\n<li>informaci\u00f3n relativa a operaciones en funci\u00f3n de su actividad del sitio web (es decir, ofertas, compras, contenido relacionado con su cuenta);<\/li>\r\n<li>informaci\u00f3n sobre el env\u00edo, facturaci\u00f3n y otra informaci\u00f3n que proporcione a fin de comprar o enviar;<\/li>\r\n<li>correspondencia por correo electr\u00f3nico enviado a trav\u00e9s de nuestra p\u00e1gina web o de sus administradores;<\/li>\r\n<li>la informaci\u00f3n obtenida de su interacci\u00f3n con nuestro sitio web, servicios, contenido y publicidad;<\/li>\r\n<li>encuestas estad\u00edsticas sobre el n\u00famero de contactos, tr\u00e1fico del sitio web, datos de anuncio, la direcci\u00f3n IP y la informaci\u00f3n est\u00e1ndar sobre el acceso a Internet;<\/li>\r\n<li>informaci\u00f3n adicional que se le puede pedir nos proporcione con el fin de que podamos verificar la autenticidad de su identidad o prevenir, regular, contrastar y eliminar, las violaciones de la pol\u00edtica de nuestro sitio web, el abuso, la violaci\u00f3n de la ley y los intentos de fraude.<\/li>\r\n<\/ul>\r\n<p>Con el fin de verificar su identidad tambi\u00e9n podemos recurrir a otros m\u00e9todos leg\u00edtimos, como la informaci\u00f3n obtenida de otras empresas. Es decir, los datos demogr\u00e1ficos y los datos de navegaci\u00f3n, m\u00e1s la informaci\u00f3n que usted proporcione por su propia voluntad.<\/p>\r\n<p><strong>Responsable de los datos<\/strong><\/p>\r\n<p>Los datos personales que\u00a0 usted nos facilita, a trav\u00e9s del proceso de contacto, testimonio y\/o compra y de los formularios habilitados en nuestra p\u00e1gina web, ser\u00e1n incorporados a un fichero denominado \u201cusuarios\u201d, del que es responsable Rub\u00e9n Matos Gonz\u00e1lez, con DNI 13376179T, y domicilio en la Calle Mart\u00edn Gracia 8, puerta 10, Liria, Valencia, CP 46160 (tel\u00e9fono +34622829687), cuyo Delegado de Protecci\u00f3n de Datos puede contactarse a trav\u00e9s del email: <a href=\"mailto:ceo@matosgallery.com\">ceo@matosgallery.com<\/a>. Durante el procedimiento de compra de nuestros productos o cuando usted se d\u00e9 de alta como usuario de nuestra p\u00e1gina web o como suscriptor de nuestras comunicaciones, usted presta su consentimiento para que dichos datos personales sean objeto de tratamiento automatizado para poder prestarle nuestros servicios y con las finalidades detalladas en la presente Pol\u00edtica de Privacidad.<\/p>\r\n<p><strong>Finalidad del fichero<\/strong><\/p>\r\n<p>La recogida y tratamiento automatizado de los datos personales que MATOS GALLERY realiza tiene como finalidad la gesti\u00f3n, administraci\u00f3n y venta de las obras de arte ofrecidas por la galer\u00eda, as\u00ed como su utilizaci\u00f3n para comunicaciones con los usuarios y la posibilidad de enviar informaci\u00f3n comercial y\/o newsletters acerca de nuevas obras y productos equivalentes a los contratados, exposiciones y actividades de car\u00e1cter cultural, que puedan ser del inter\u00e9s de los usuarios.<\/p>\r\n<p>Con el fin de ofrecer productos, servicios e informaci\u00f3n adaptada a los intereses de los usuarios, se elaborar\u00e1n \u201cperfiles comerciales\u201d que recojan la informaci\u00f3n facilitada por el usuario. En ning\u00fan caso se tomar\u00e1n decisiones automatizadas en base a dichos perfiles comerciales.<\/p>\r\n<p>Estos datos personales se conservar\u00e1n por MATOS GALLERY mientras el usuario no manifieste su inter\u00e9s de suprimirlos. No obstante, MATOS GALLERY podr\u00e1 revisar los datos del Usuario si se aprecia un per\u00edodo continuado de inactividad y recabar\u00e1 su consentimiento previo para suprimirlos.<\/p>\r\n<p><strong>Legitimaci\u00f3n<\/strong><\/p>\r\n<p>El tratamiento de Datos personales por parte de MATOS GALLERY se basa en la ejecuci\u00f3n de los contratos de compraventa que los usuarios pueden realizar a trav\u00e9s de la p\u00e1gina web del responsable del fichero. Asimismo, este tratamiento se basa en el consentimiento prestado por el interesado en cuanto a las comunicaciones de car\u00e1cter informativo y\/o comercial realizadas por MATOS GALLERY y que no deriven necesariamente en la conclusi\u00f3n de un contrato.<\/p>\r\n<p><strong>Destinatario<\/strong><\/p>\r\n<p>MATOS GALLERY no ceder\u00e1 los datos personales recabados a terceros salvo en los casos en que exista una obligaci\u00f3n legal para ello. Para la realizaci\u00f3n de sus comunicaciones, el responsable del fichero utiliza herramientas y plataformas de gesti\u00f3n de env\u00edos y comunicaciones digitales con acceso a los datos personales facilitados por los usuarios. Dichas plataformas tienen un sistema de tratamiento de los datos acorde con la presente \u201cPol\u00edtica de privacidad\u201d y con la normativa vigente.<\/p>\r\n<p><strong>Derechos del Usuario<\/strong><\/p>\r\n<p>En el caso de que el Usuario considere oportuno ejercitar los derechos que le asisten, en concreto los derechos de Acceso, Supresi\u00f3n, Rectificaci\u00f3n, Oposici\u00f3n, Portabilidad y Limitaci\u00f3n al tratamiento de sus datos, puede contactar con el responsable, en la siguiente direcci\u00f3n electr\u00f3nica: <a href=\"mailto:ceo@matosgallery.com\">ceo@matosgallery.com<\/a>. Para el ejercicio de estos derechos el Usuario deber\u00e1 identificarse de forma fehaciente aportando un documento identificativo suficiente (Documento Nacional de Identidad o Pasaporte) e indicar claramente en el email qu\u00e9 derecho quiere ejercer en relaci\u00f3n al tratamiento que hace de sus datos MATOS GALLERY.<\/p>\r\n<p>El Usuario puede presentar una reclamaci\u00f3n ante la Agencia Estatal de Protecci\u00f3n de Datos cuando considere que el ejercicio de los anteriores derechos no ha sido satisfecho.<\/p>\r\n<p><strong>Procedencia<\/strong><\/p>\r\n<p>MATOS GALLERY trata datos personales facilitados directamente por los usuarios, as\u00ed como datos accesibles al p\u00fablico. Los datos recabados son los m\u00ednimos imprescindibles para poder llevar a cabo el desarrollo de su actividad propia de informaci\u00f3n y comercializaci\u00f3n de productos en la web.<\/p>\r\n<p>Nos reservamos el derecho a transmitir datos personales con el fin de cumplir con los requisitos legales, hacer cumplir las leyes y reglamentos, frente a contiendas y en todos aquellos casos en que los datos que usted proporciona o actividad del sitio web violan los derechos de nuestro sitio web, de sus administradores, de otra usuarios y terceros, as\u00ed como cuando se necesita la transmisi\u00f3n de los datos personales para defender los derechos, propiedad y seguridad de los usuarios, nuestro sitio web, sus administradores y terceros. Del mismo modo, transmitiremos dichos datos a la polic\u00eda o las autoridades p\u00fablicas con el fin de cumplir con una solicitud relativa a investigaciones penales o la posible actividad il\u00edcita. En tales casos, vamos a transmitir informaci\u00f3n y datos necesarios para llevar a cabo investigaciones, tales como nombre, ciudad, c\u00f3digo postal, n\u00famero de tel\u00e9fono, direcci\u00f3n de correo electr\u00f3nico, el calendario de identificaci\u00f3n, direcci\u00f3n IP, reclamaciones por fraude y el cronograma de las ofertas.<\/p>\r\n<p>Con la excepci\u00f3n de los casos mencionados anteriormente, no vamos a transmitir sus datos personales sin haber verificado la presencia de al menos un motivo o circunstancia, entre los mencionados en esta Pol\u00edtica, que permiten la transmisi\u00f3n de datos personales. Sus compras de bienes o servicios no se har\u00e1n p\u00fablicos, a excepci\u00f3n de aquellos casos en que los datos relacionados con las compras deben ser desveladas por orden de las autoridades para prevenir, contrastar, o investigar, actividades il\u00edcitas o presuntamente il\u00edcitas y la garant\u00eda de que los derechos de terceros y otros sitios se respetan los usuarios.<\/p>\r\n<p>Si accede a nuestro sitio web desde un ordenador p\u00fablico, algunos de sus datos pueden ser vistos por los usuarios que vayan a utilizar el equipo despu\u00e9s. Por lo tanto, cuando se utiliza un equipo p\u00fablico o un equipo que pertenece a otros para acceder a nuestro sitio web, usted debe cerrar la sesi\u00f3n despu\u00e9s de navegar, eliminar sus datos y borrar las cookies y la l\u00ednea de tiempo. No vamos a garantizar la protecci\u00f3n, la seguridad y el respeto de los datos personales que decida compartir con otros usuarios y\/o con terceros, en cualquier caso, no previsto en la presente Pol\u00edtica. Usted est\u00e1 obligado a seguir las instrucciones indicadas en la presente Pol\u00edtica.<\/p>\r\n<p>En caso de las compraventas, nos reservamos el derecho de utilizar y transmitir sus datos a nuestros proveedores y vendedores con el fin de garantizar el \u00e9xito de las transacciones, el env\u00edo y pagos.<\/p>\r\n<p><strong>Medidas de Seguridad<\/strong><\/p>\r\n<p>MATOS GALLERY garantiza la seguridad y confidencialidad de los datos facilitados. En aplicaci\u00f3n de lo establecido en el Real Decreto 1720\/2007, de 21 de diciembre, por el que se aprueba el Reglamento de desarrollo de la Ley Org\u00e1nica 15\/1999, de 13 de diciembre, de protecci\u00f3n de datos de car\u00e1cter personal, la empresa ha adoptado los niveles de seguridad de protecci\u00f3n de los datos personales adecuados a la calidad de los datos facilitados por los usuarios, procurando instalar todos los medios y medidas t\u00e9cnicas de protecci\u00f3n a su alcance para evitar su alteraci\u00f3n, p\u00e9rdida, tratamiento o uso no autorizado.<\/p>\r\n<p><strong>Protecci\u00f3n de datos<\/strong><\/p>\r\n<p>Sus datos se conservan en los servidores que utilizamos, con el fin de mantener y asegurarse de que las funciones del sitio web sean correctas. Tomamos todas las medidas posibles para proteger sus datos, evitar el acceso il\u00edcito a las bases de datos y servidores y cualquier otra actividad il\u00edcita que pueda comprometer los datos, aunque somos conscientes de que los sistemas de seguridad se pueden romper y las medidas de seguridad anuladas.<\/p>\r\n<p><strong>M\u00e1s instrucciones<\/strong><\/p>\r\n<p>A menos que se indique lo contrario, esta pol\u00edtica se aplica \u00fanicamente a la utilizaci\u00f3n y la transmisi\u00f3n de los datos proporcionados directamente por usted. Si usted da a sus datos personales a terceros a trav\u00e9s de nuestra p\u00e1gina web o a trav\u00e9s de otros sitios web, el uso y la transmisi\u00f3n de los datos podr\u00edan ser objeto de otras pol\u00edticas. Nosotros no controlamos las pol\u00edticas de privacidad de terceros y usted estar\u00e1 sujeto a las pol\u00edticas de privacidad de terceros. Podemos modificar en cualquier momento el contenido de esta pol\u00edtica mediante la publicaci\u00f3n de una nueva versi\u00f3n en nuestro sitio web. Los nuevos t\u00e9rminos y condiciones entrar\u00e1n en vigor 15 d\u00edas despu\u00e9s de la fecha de publicaci\u00f3n.<\/p>","protected":false},"excerpt":{"rendered":"<p>En cumplimiento de lo establecido en la Ley Org\u00e1nica 15\/1999, de 13 de diciembre, de Protecci\u00f3n de Datos de Car\u00e1cter Personal, as\u00ed como en el Reglamento General de Protecci\u00f3n de Datos (RGPD) (UE) 2016\/679 de 25 de mayo de 2016, MATOS GALLERY informa a sus clientes, proveedores, colaboradores e interesados, de los siguientes aspectos relativos [&hellip;]<\/p>","protected":false},"author":1,"featured_media":0,"parent":0,"menu_order":0,"comment_status":"closed","ping_status":"closed","template":"","meta":{"_acf_changed":false,"footnotes":""},"class_list":["post-3","page","type-page","status-publish","hentry"],"acf":[],"_links":{"self":[{"href":"https:\/\/matosgallery.com\/en\/wp-json\/wp\/v2\/pages\/3","targetHints":{"allow":["GET"]}}],"collection":[{"href":"https:\/\/matosgallery.com\/en\/wp-json\/wp\/v2\/pages"}],"about":[{"href":"https:\/\/matosgallery.com\/en\/wp-json\/wp\/v2\/types\/page"}],"author":[{"embeddable":true,"href":"https:\/\/matosgallery.com\/en\/wp-json\/wp\/v2\/users\/1"}],"replies":[{"embeddable":true,"href":"https:\/\/matosgallery.com\/en\/wp-json\/wp\/v2\/comments?post=3"}],"version-history":[{"count":0,"href":"https:\/\/matosgallery.com\/en\/wp-json\/wp\/v2\/pages\/3\/revisions"}],"wp:attachment":[{"href":"https:\/\/matosgallery.com\/en\/wp-json\/wp\/v2\/media?parent=3"}],"curies":[{"name":"wp","href":"https:\/\/api.w.org\/{rel}","templated":true}]}}