{"id":1664,"date":"2024-11-26T03:24:03","date_gmt":"2024-11-26T02:24:03","guid":{"rendered":"https:\/\/matosgallery.com\/?page_id=1664"},"modified":"2024-11-26T03:28:36","modified_gmt":"2024-11-26T02:28:36","slug":"acceder","status":"publish","type":"page","link":"https:\/\/matosgallery.com\/en\/acceder\/","title":{"rendered":"Login"},"content":{"rendered":"<div data-elementor-type=\"wp-page\" data-elementor-id=\"1664\" class=\"elementor elementor-1664\" data-elementor-post-type=\"page\">\n\t\t\t\t<div class=\"elementor-element elementor-element-8528832 e-flex e-con-boxed e-con e-parent\" data-id=\"8528832\" data-element_type=\"container\">\n\t\t\t\t\t<div class=\"e-con-inner\">\n\t\t\t\t<div class=\"elementor-element elementor-element-aeee4d0 elementor-widget elementor-widget-jet-switcher\" data-id=\"aeee4d0\" data-element_type=\"widget\" data-widget_type=\"jet-switcher.default\">\n\t\t\t\t<div class=\"elementor-widget-container\">\n\t\t\t\t\t<div class=\"jet-switcher jet-switcher--preset-1 jet-switcher-none-effect jet-switcher--enable\" data-settings=\"{&quot;effect&quot;:&quot;none&quot;}\">\n\t\t\t<div class=\"jet-switcher__control-wrapper\"><div class=\"jet-switcher__control-instance\">\n\t<div class=\"jet-switcher__control-handler\"><span><\/span><\/div>\n\t<div class=\"jet-switcher__control jet-switcher__control--disable\" role=\"button\" tabindex=\"0\" aria-controls=\"jet-switcher-content-disable-aeee4d0\" aria-expanded=\"false\" aria-label=\"Register\"><div class=\"jet-switcher__label-text\">Register<\/div><\/div>\n\t<div class=\"jet-switcher__control jet-switcher__control--enable\" role=\"button\" tabindex=\"0\" aria-controls=\"jet-switcher-content-enable-aeee4d0\" aria-expanded=\"true\" aria-label=\"Login\"><div class=\"jet-switcher__label-text\">Login<\/div><\/div>\n<\/div>\n\n<\/div>\n\t\t\t<div class=\"jet-switcher__content-wrapper\"><div id=\"jet-switcher-content-disable-aeee4d0\" class=\"jet-switcher__content jet-switcher__content--disable\" aria-hidden=\"true\">\t\t<div data-elementor-type=\"section\" data-elementor-id=\"1191\" class=\"elementor elementor-1191\" data-elementor-post-type=\"elementor_library\">\n\t\t\t<div class=\"elementor-element elementor-element-bccdc20 e-flex e-con-boxed e-con e-parent\" data-id=\"bccdc20\" data-element_type=\"container\">\n\t\t\t\t\t<div class=\"e-con-inner\">\n\t\t\t\t<div class=\"elementor-element elementor-element-bbcbd54 elementor-widget elementor-widget-jet-register\" data-id=\"bbcbd54\" data-element_type=\"widget\" data-widget_type=\"jet-register.default\">\n\t\t\t\t<div class=\"elementor-widget-container\">\n\t\t\t\t\t<div class=\"elementor-jet-register jet-blocks\"><form method=\"post\" class=\"jet-register\" action=\"\">\n\n\t<p class=\"jet-register__row\">\n\t\t<label class=\"jet-register__label\" for=\"jet_username\">Name<\/label>\n\t\t<input type=\"text\" class=\"jet-register__input\" name=\"username\" id=\"jet_username\" value=\"\" placeholder=\"Name\"\/>\n\t<\/p>\n\n\t<p class=\"jet-register__row\">\n\t\t<label  class=\"jet-register__label\"  for=\"jet_email\">Email<\/label>\n\t\t<input type=\"email\" class=\"jet-register__input\" name=\"email\" id=\"jet_email\" value=\"\" placeholder=\"Correo Electr\u00f3nico\"\/>\n\t<\/p>\n\n\t<p class=\"jet-register__row\">\n\t\t<label  class=\"jet-register__label\" for=\"jet_password\">Contrase\u00f1a<\/label>\n\t\t<span class=\"jet-register__wrapper\">\n\t\t\t<input type=\"password\" class=\"jet-register__input\" name=\"password\" id=\"jet_password\" placeholder=\"Contrase\u00f1a\"\/>\n\n\t\t\t<svg xmlns=\"http:\/\/www.w3.org\/2000\/svg\" aria-hidden=\"true\" class=\"e-font-icon-svg e-far-eye password-visibility__icon password-visibility__icon--show show\" viewbox=\"0 0 576 512\">\n\t\t\t\t<path d=\"M288 144a110.94 110.94 0 0 0-31.24 5 55.4 55.4 0 0 1 7.24 27 56 56 0 0 1-56 56 55.4 55.4 0 0 1-27-7.24A111.71 111.71 0 1 0 288 144zm284.52 97.4C518.29 135.59 410.93 64 288 64S57.68 135.64 3.48 241.41a32.35 32.35 0 0 0 0 29.19C57.71 376.41 165.07 448 288 448s230.32-71.64 284.52-177.41a32.35 32.35 0 0 0 0-29.19zM288 400c-98.65 0-189.09-55-237.93-144C98.91 167 189.34 112 288 112s189.09 55 237.93 144C477.1 345 386.66 400 288 400z\"><\/path>\n\t\t\t<\/svg>\n\t\t\t<svg xmlns=\"http:\/\/www.w3.org\/2000\/svg\" aria-hidden=\"true\" class=\"e-font-icon-svg e-far-eye-slash password-visibility__icon password-visibility__icon--hide\" viewbox=\"0 0 640 512\">\n\t\t\t\t<path d=\"M634 471L36 3.51A16 16 0 0 0 13.51 6l-10 12.49A16 16 0 0 0 6 41l598 467.49a16 16 0 0 0 22.49-2.49l10-12.49A16 16 0 0 0 634 471zM296.79 146.47l134.79 105.38C429.36 191.91 380.48 144 320 144a112.26 112.26 0 0 0-23.21 2.47zm46.42 219.07L208.42 260.16C210.65 320.09 259.53 368 320 368a113 113 0 0 0 23.21-2.46zM320 112c98.65 0 189.09 55 237.93 144a285.53 285.53 0 0 1-44 60.2l37.74 29.5a333.7 333.7 0 0 0 52.9-75.11 32.35 32.35 0 0 0 0-29.19C550.29 135.59 442.93 64 320 64c-36.7 0-71.71 7-104.63 18.81l46.41 36.29c18.94-4.3 38.34-7.1 58.22-7.1zm0 288c-98.65 0-189.08-55-237.93-144a285.47 285.47 0 0 1 44.05-60.19l-37.74-29.5a333.6 333.6 0 0 0-52.89 75.1 32.35 32.35 0 0 0 0 29.19C89.72 376.41 197.08 448 320 448c36.7 0 71.71-7.05 104.63-18.81l-46.41-36.28C359.28 397.2 339.89 400 320 400z\"><\/path>\n\t\t\t<\/svg>\n\n\t\t<\/span>\n\t<\/p>\n\n\t\n\t\t<p class=\"jet-register__row\">\n\t\t\t<label  class=\"jet-register__label\" for=\"jet_password_confirm\">Confirmar Contrase\u00f1a<\/label>\n\t\t\t<input type=\"password\" class=\"jet-register__input\" name=\"password-confirm\" id=\"jet_password_confirm\" placeholder=\"Confirmar Contrase\u00f1a\"\/>\n\t\t\t<input type=\"hidden\" name=\"jet_confirm_password\" value=\"true\">\t\t<\/p>\n\n\t\n\t\n\t\n\t<div class=\"jet-register__row jet-privacy-policy\">\n\t\t<input type=\"checkbox\" value=\"jet_privacy_policy_checkbox\" class=\"jet-register__input\" name=\"privacy-policy\" id=\"jet_privacy_policy\" required=\"required\" \/>\n\t\t<label class=\"jet-register__label\" for=\"jet_privacy_policy\">Estoy de acuerdo con los <a href=\"https:\/\/matosgallery.com\/terminos-y-condiciones\/\">Privacy Policy<\/a> y la <a href=\"https:\/\/matosgallery.com\/politica-privacidad\/\">Privacy Policy<\/a>.<\/label>\n\t<\/div>\n\n\t\n\t\n\t<p class=\"jet-register__row jet-register-submit\">\n\t\t<input type=\"hidden\" id=\"jet-register-nonce\" name=\"jet-register-nonce\" value=\"dfa3883497\" \/><input type=\"hidden\" name=\"_wp_http_referer\" value=\"\/en\/wp-json\/wp\/v2\/pages\/1664\" \/><input type=\"hidden\" name=\"jet_redirect\" value=\"https:\/\/matosgallery.com\/en\/\">\t\t<button type=\"submit\" class=\"jet-register__submit button\" name=\"register\">Registrase<\/button>\n\t<\/p>\n\n<input type=\"hidden\" name=\"trp-form-language\" value=\"en\"\/><\/form>\n<\/div>\t\t\t\t<\/div>\n\t\t\t\t<\/div>\n\t\t\t\t\t<\/div>\n\t\t\t\t<\/div>\n\t\t\t\t<\/div>\n\t\t<\/div><div id=\"jet-switcher-content-enable-aeee4d0\" class=\"jet-switcher__content jet-switcher__content--enable active-content\" aria-hidden=\"false\">\t\t<div data-elementor-type=\"section\" data-elementor-id=\"1190\" class=\"elementor elementor-1190\" data-elementor-post-type=\"elementor_library\">\n\t\t\t<div class=\"elementor-element elementor-element-d044c54 e-flex e-con-boxed e-con e-parent\" data-id=\"d044c54\" data-element_type=\"container\">\n\t\t\t\t\t<div class=\"e-con-inner\">\n\t\t\t\t<div class=\"elementor-element elementor-element-92df104 elementor-button-align-start elementor-widget elementor-widget-login\" data-id=\"92df104\" data-element_type=\"widget\" data-widget_type=\"login.default\">\n\t\t\t\t<div class=\"elementor-widget-container\">\n\t\t\t\t\t\t\t<form class=\"elementor-login elementor-form\" method=\"post\" action=\"https:\/\/matosgallery.com\/wp-login.php\" aria-label=\"Login form\">\n\t\t\t<input type=\"hidden\" name=\"redirect_to\" value=\"https:\/\/matosgallery.com\/en\">\n\t\t\t<div class=\"elementor-form-fields-wrapper\">\n\t\t\t\t<div class=\"elementor-field-type-text elementor-field-group elementor-column elementor-col-100 elementor-field-required\">\n\t\t\t\t\t<label for=\"user-92df104\" class=\"elementor-field-label\">Correo elecr\u00f3nico<\/label>\n\t\t\t\t\t<input size=\"1\" type=\"text\" name=\"log\" id=\"user-92df104\" placeholder=\"Correo elecr\u00f3nico\" class=\"elementor-field elementor-field-textual elementor-size-sm\">\n\t\t\t\t<\/div>\n\t\t\t\t<div class=\"elementor-field-type-text elementor-field-group elementor-column elementor-col-100 elementor-field-required\">\n\t\t\t\t\t<label for=\"password-92df104\" class=\"elementor-field-label\">Contrase\u00f1a<\/label>\n\t\t\t\t\t<input size=\"1\" type=\"password\" name=\"pwd\" id=\"password-92df104\" placeholder=\"Contrase\u00f1a\" class=\"elementor-field elementor-field-textual elementor-size-sm\">\n\t\t\t\t<\/div>\n\n\t\t\t\t\t\t\t\t\t<div class=\"elementor-field-type-checkbox elementor-field-group elementor-column elementor-col-100 elementor-remember-me\">\n\t\t\t\t\t\t<label for=\"elementor-login-remember-me\">\n\t\t\t\t\t\t\t<input type=\"checkbox\" id=\"elementor-login-remember-me\" name=\"rememberme\" value=\"forever\">\n\t\t\t\t\t\t\tRemember Me\t\t\t\t\t\t<\/label>\n\t\t\t\t\t<\/div>\n\t\t\t\t\n\t\t\t\t<div class=\"elementor-field-group elementor-column elementor-field-type-submit elementor-col-100\">\n\t\t\t\t\t<button type=\"submit\" class=\"elementor-size-sm elementor-button\" name=\"wp-submit\">\n\t\t\t\t\t\t\t\t\t\t\t\t\t\t\t<span class=\"elementor-button-text\">Login<\/span>\n\t\t\t\t\t\t\t\t\t\t\t\t<\/button>\n\t\t\t\t<\/div>\n\n\t\t\t\t\t\t\t\t\t<div class=\"elementor-field-group elementor-column elementor-col-100\">\n\t\t\t\t\t\t\t\t\t\t\t\t\t\t\t\t\t\t\t\t<a class=\"elementor-lost-password\" href=\"https:\/\/matosgallery.com\/en\/mi-cuenta\/lost-password\/\">\n\t\t\t\t\t\t\t\tLost your password?\t\t\t\t\t\t\t<\/a>\n\t\t\t\t\t\t\n\t\t\t\t\t\t\t\t\t\t\t\t\t\t\t\t\t\t\t\t\t<span class=\"elementor-login-separator\"> | <\/span>\n\t\t\t\t\t\t\t\t\t\t\t\t\t\t\t\t\t\t\t\t\t<a class=\"elementor-register\" href=\"https:\/\/matosgallery.com\/wp-login.php?action=register\">\n\t\t\t\t\t\t\t\tRegister\t\t\t\t\t\t\t<\/a>\n\t\t\t\t\t\t\t\t\t\t\t<\/div>\n\t\t\t\t\t\t\t<\/div>\n\t\t<\/form>\n\t\t\t\t\t\t<\/div>\n\t\t\t\t<\/div>\n\t\t\t\t\t<\/div>\n\t\t\t\t<\/div>\n\t\t\t\t<\/div>\n\t\t<\/div><\/div>\n\t\t<\/div>\n\t\t\t\t\t\t<\/div>\n\t\t\t\t<\/div>\n\t\t\t\t\t<\/div>\n\t\t\t\t<\/div>\n\t\t\t\t<\/div>","protected":false},"excerpt":{"rendered":"<p>Registarse Acceder Nombre Email Contrase\u00f1a Confirmar Contrase\u00f1a Estoy de acuerdo con los Pol\u00edtica de privacidad y la Pol\u00edtica de privacidad. Registrase You are Logged in as Wilber (Logout)<\/p>","protected":false},"author":1,"featured_media":0,"parent":0,"menu_order":0,"comment_status":"closed","ping_status":"closed","template":"","meta":{"_acf_changed":false,"footnotes":""},"class_list":["post-1664","page","type-page","status-publish","hentry"],"acf":[],"_links":{"self":[{"href":"https:\/\/matosgallery.com\/en\/wp-json\/wp\/v2\/pages\/1664","targetHints":{"allow":["GET"]}}],"collection":[{"href":"https:\/\/matosgallery.com\/en\/wp-json\/wp\/v2\/pages"}],"about":[{"href":"https:\/\/matosgallery.com\/en\/wp-json\/wp\/v2\/types\/page"}],"author":[{"embeddable":true,"href":"https:\/\/matosgallery.com\/en\/wp-json\/wp\/v2\/users\/1"}],"replies":[{"embeddable":true,"href":"https:\/\/matosgallery.com\/en\/wp-json\/wp\/v2\/comments?post=1664"}],"version-history":[{"count":4,"href":"https:\/\/matosgallery.com\/en\/wp-json\/wp\/v2\/pages\/1664\/revisions"}],"predecessor-version":[{"id":1671,"href":"https:\/\/matosgallery.com\/en\/wp-json\/wp\/v2\/pages\/1664\/revisions\/1671"}],"wp:attachment":[{"href":"https:\/\/matosgallery.com\/en\/wp-json\/wp\/v2\/media?parent=1664"}],"curies":[{"name":"wp","href":"https:\/\/api.w.org\/{rel}","templated":true}]}}